{"id":1095,"date":"2017-10-13T08:36:35","date_gmt":"2017-10-13T08:36:35","guid":{"rendered":"https:\/\/rumoursaboutgermany.info\/?page_id=1095\/"},"modified":"2017-10-13T09:13:13","modified_gmt":"2017-10-13T09:13:13","slug":"mentions-legales","status":"publish","type":"page","link":"https:\/\/rumoursaboutgermany.info\/fr\/mentions-legales\/","title":{"rendered":"Mentions l\u00e9gales"},"content":{"rendered":"<h2>Minist\u00e8re f\u00e9d\u00e9ral des Affaires \u00e9trang\u00e8res<\/h2>\n<p>Direction g\u00e9n\u00e9rale de la Culture et de la Communication<br \/>\nDivision 607 (Comit\u00e9 d\u2019orientation Communication strat\u00e9gique)<br \/>\nWerderscher Markt 1<br \/>\n10117 Berlin<\/p>\n<p>Adresse postale: 11013 Berlin<br \/>\nT\u00e9l\u00e9phone: +49 30 1817 0<br \/>\nPermanence citoyens: +49-30-1817 2000<br \/>\nT\u00e9l\u00e9copie: +49-30-1817 3402<\/p>\n<p><a href=\"http:\/\/www.allemagne.diplo.de\">www.allemagne.diplo.de<br \/>\n<\/a>Courriel: <a href=\"mailto:poststelle@auswaertiges-amt.de\">poststelle@auswaertiges-amt.de<\/a><\/p>\n","protected":false},"excerpt":{"rendered":"<p>Minist\u00e8re f\u00e9d\u00e9ral des Affaires \u00e9trang\u00e8res Direction g\u00e9n\u00e9rale de la Culture et de la Communication Division 607 (Comit\u00e9 d\u2019orientation Communication strat\u00e9gique) Werderscher Markt 1 10117 Berlin Adresse postale: 11013 Berlin T\u00e9l\u00e9phone: +49 30 1817 0 Permanence citoyens: +49-30-1817 2000 T\u00e9l\u00e9copie: +49-30-1817 3402 www.allemagne.diplo.de Courriel: poststelle@auswaertiges-amt.de<\/p>\n","protected":false},"author":14,"featured_media":0,"parent":0,"menu_order":50,"comment_status":"closed","ping_status":"closed","template":"","meta":{"_acf_changed":false,"footnotes":""},"class_list":["post-1095","page","type-page","status-publish","hentry"],"acf":[],"_links":{"self":[{"href":"https:\/\/rumoursaboutgermany.info\/fr\/wp-json\/wp\/v2\/pages\/1095","targetHints":{"allow":["GET"]}}],"collection":[{"href":"https:\/\/rumoursaboutgermany.info\/fr\/wp-json\/wp\/v2\/pages"}],"about":[{"href":"https:\/\/rumoursaboutgermany.info\/fr\/wp-json\/wp\/v2\/types\/page"}],"author":[{"embeddable":true,"href":"https:\/\/rumoursaboutgermany.info\/fr\/wp-json\/wp\/v2\/users\/14"}],"replies":[{"embeddable":true,"href":"https:\/\/rumoursaboutgermany.info\/fr\/wp-json\/wp\/v2\/comments?post=1095"}],"version-history":[{"count":5,"href":"https:\/\/rumoursaboutgermany.info\/fr\/wp-json\/wp\/v2\/pages\/1095\/revisions"}],"predecessor-version":[{"id":1103,"href":"https:\/\/rumoursaboutgermany.info\/fr\/wp-json\/wp\/v2\/pages\/1095\/revisions\/1103"}],"wp:attachment":[{"href":"https:\/\/rumoursaboutgermany.info\/fr\/wp-json\/wp\/v2\/media?parent=1095"}],"curies":[{"name":"wp","href":"https:\/\/api.w.org\/{rel}","templated":true}]}}