{"id":1105,"date":"2017-10-13T13:28:43","date_gmt":"2017-10-13T13:28:43","guid":{"rendered":"https:\/\/rumoursaboutgermany.info\/?page_id=1105\/"},"modified":"2017-10-18T08:56:21","modified_gmt":"2017-10-18T08:56:21","slug":"info","status":"publish","type":"page","link":"https:\/\/rumoursaboutgermany.info\/fr\/info\/","title":{"rendered":"Info"},"content":{"rendered":"<p>Ce site internet du minist\u00e8re f\u00e9d\u00e9ral des Affaires \u00e9trang\u00e8res est une source d\u2019information centrale sur la campagne d\u2019information men\u00e9e par l\u2019Allemagne depuis 2015 pour s\u2019assurer que les migrants potentiels ou actuels, ainsi que leurs communaut\u00e9s, ne doivent pas se fier \u00e0 de fausses informations et rumeurs r\u00e9pandues par des trafiquants d\u2019\u00eatres humains.<\/p>\n<p>Il a donc pour objectif, non de les dissuader, mais de les informer. La d\u00e9cision d\u2019entreprendre un dangereux voyage vers l\u2019Europe est si importante qu\u2019elle devrait reposer sur des faits et non sur des rumeurs. Malheureusement, nombre de migrants irr\u00e9guliers prennent la d\u00e9cision de se rendre en Europe sur la base d\u2019informations inexactes et de rumeurs r\u00e9pandues par des trafiquants d\u2019\u00eatres humains \u00e0 la recherche de profit, et non soucieux de l\u2019int\u00e9r\u00eat et de la s\u00e9curit\u00e9 des migrants.<\/p>\n<p>Ce site vise \u00e0 lutter contre les rumeurs en donnant une description exacte de la r\u00e9alit\u00e9 de la migration irr\u00e9guli\u00e8re vers l\u2019Europe. Il porte sur les co\u00fbts et les risques r\u00e9els d\u2019une telle entreprise, sur les aspects juridiques et pratiques des demandes d\u2019asile en Allemagne ainsi que sur les faits concernant ceux qui sont susceptibles d\u2019obtenir un statut de <a href=\"https:\/\/rumoursaboutgermany.info\/fr\/facts\/qui-a-le-droit-de-rester-en-allemagne-et-qui-doit-partir\/\">protection<\/a> et un permis de travail, et ceux qui ont peu de chances d\u2019\u00eatre autoris\u00e9s \u00e0 rester en Allemagne et devront, par cons\u00e9quent, rentrer chez eux.<\/p>\n<p>Il fournit par ailleurs des informations destin\u00e9es aux personnes qui sont d\u00e9j\u00e0 en transit vers l\u2019Europe et cherchent \u00e9ventuellement \u00e0 se renseigner, au lieu de poursuivre la migration, sur les possibilit\u00e9s de se faire aider pour rentrer chez elles. Il indique \u00e9galement aux migrants irr\u00e9guliers qui se trouvent d\u00e9j\u00e0 en Allemagne o\u00f9 s\u2019informer sur les programmes de soutien au retour volontaire dans leur pays d\u2019origine. Pour finir, ce site vise \u00e0 informer sur les actions entreprises par l\u2019Allemagne pour faire face aux probl\u00e8mes qui incitent les r\u00e9fugi\u00e9s et les migrants irr\u00e9guliers \u00e0 quitter leur foyer, par exemple en mettant en relief l\u2019engagement de cette derni\u00e8re dans l\u2019aide humanitaire, la stabilisation des crises et la coop\u00e9ration au d\u00e9veloppement.<\/p>\n","protected":false},"excerpt":{"rendered":"<p>Ce site internet du minist\u00e8re f\u00e9d\u00e9ral des Affaires \u00e9trang\u00e8res est une source d\u2019information centrale sur la campagne d\u2019information men\u00e9e par l\u2019Allemagne depuis 2015 pour s\u2019assurer que les migrants potentiels ou actuels, ainsi que leurs communaut\u00e9s, ne doivent pas se fier \u00e0 de fausses informations et rumeurs r\u00e9pandues par des trafiquants d\u2019\u00eatres humains. Il a donc [&hellip;]<\/p>\n","protected":false},"author":14,"featured_media":0,"parent":0,"menu_order":10,"comment_status":"closed","ping_status":"closed","template":"","meta":{"_acf_changed":false,"footnotes":""},"class_list":["post-1105","page","type-page","status-publish","hentry"],"acf":[],"_links":{"self":[{"href":"https:\/\/rumoursaboutgermany.info\/fr\/wp-json\/wp\/v2\/pages\/1105","targetHints":{"allow":["GET"]}}],"collection":[{"href":"https:\/\/rumoursaboutgermany.info\/fr\/wp-json\/wp\/v2\/pages"}],"about":[{"href":"https:\/\/rumoursaboutgermany.info\/fr\/wp-json\/wp\/v2\/types\/page"}],"author":[{"embeddable":true,"href":"https:\/\/rumoursaboutgermany.info\/fr\/wp-json\/wp\/v2\/users\/14"}],"replies":[{"embeddable":true,"href":"https:\/\/rumoursaboutgermany.info\/fr\/wp-json\/wp\/v2\/comments?post=1105"}],"version-history":[{"count":2,"href":"https:\/\/rumoursaboutgermany.info\/fr\/wp-json\/wp\/v2\/pages\/1105\/revisions"}],"predecessor-version":[{"id":1522,"href":"https:\/\/rumoursaboutgermany.info\/fr\/wp-json\/wp\/v2\/pages\/1105\/revisions\/1522"}],"wp:attachment":[{"href":"https:\/\/rumoursaboutgermany.info\/fr\/wp-json\/wp\/v2\/media?parent=1105"}],"curies":[{"name":"wp","href":"https:\/\/api.w.org\/{rel}","templated":true}]}}