{"id":1631,"date":"2017-12-13T15:02:59","date_gmt":"2017-12-13T15:02:59","guid":{"rendered":"https:\/\/rumoursaboutgermany.info\/fact-checker\/"},"modified":"2017-12-13T15:07:57","modified_gmt":"2017-12-13T15:07:57","slug":"fact-checker","status":"publish","type":"page","link":"https:\/\/rumoursaboutgermany.info\/fr\/fact-checker\/","title":{"rendered":"V\u00e9rifiez les faits &#8211; quelle est la v\u00e9racit\u00e9 des rumeurs ?"},"content":{"rendered":"<p>Vous avez appris du nouveau, peut-\u00eatre de la bouche de vos amis, de votre famille ou des passeurs\u00a0? Aimeriez-vous v\u00e9rifier si ces informations sont vraies ou fausses\u00a0? Vous pouvez utiliser ce formulaire pour nous envoyer de nouvelles rumeurs ou nous sugg\u00e9rer des sujets que vous aimeriez nous voir traiter concernant le voyage vers l&rsquo;Europe, la proc\u00e9dure d&rsquo;asile et la vie en Allemagne.<\/p>\n<p>Nous v\u00e9rifierons vos informations. Si nous pensons que cela peut int\u00e9resser d&rsquo;autres r\u00e9fugi\u00e9s et migrants, nous analyserons les faits et publierons un article sur <a href=\"https:\/\/rumoursaboutgermany.info\">www.rumoursaboutgermany.info<\/a> pour que la v\u00e9rit\u00e9 se sache.<\/p>\n<p>Vous comprendrez que nous ne pouvons pas vous r\u00e9pondre personnellement. Si vous avez des questions d&rsquo;ordre g\u00e9n\u00e9ral, veuillez vous adresser directement \u00e0 l&rsquo;ambassade ou au consulat d&rsquo;Allemagne pr\u00e8s de chez vous. Merci d&rsquo;avance\u00a0!<\/p>\n","protected":false},"excerpt":{"rendered":"<p>Vous avez appris du nouveau, peut-\u00eatre de la bouche de vos amis, de votre famille ou des passeurs\u00a0? Aimeriez-vous v\u00e9rifier si ces informations sont vraies ou fausses\u00a0? Vous pouvez utiliser ce formulaire pour nous envoyer de nouvelles rumeurs ou nous sugg\u00e9rer des sujets que vous aimeriez nous voir traiter concernant le voyage vers l&rsquo;Europe, la [&hellip;]<\/p>\n","protected":false},"author":14,"featured_media":0,"parent":0,"menu_order":20,"comment_status":"closed","ping_status":"closed","template":"","meta":{"_acf_changed":false,"footnotes":""},"class_list":["post-1631","page","type-page","status-publish","hentry"],"acf":[],"_links":{"self":[{"href":"https:\/\/rumoursaboutgermany.info\/fr\/wp-json\/wp\/v2\/pages\/1631","targetHints":{"allow":["GET"]}}],"collection":[{"href":"https:\/\/rumoursaboutgermany.info\/fr\/wp-json\/wp\/v2\/pages"}],"about":[{"href":"https:\/\/rumoursaboutgermany.info\/fr\/wp-json\/wp\/v2\/types\/page"}],"author":[{"embeddable":true,"href":"https:\/\/rumoursaboutgermany.info\/fr\/wp-json\/wp\/v2\/users\/14"}],"replies":[{"embeddable":true,"href":"https:\/\/rumoursaboutgermany.info\/fr\/wp-json\/wp\/v2\/comments?post=1631"}],"version-history":[{"count":1,"href":"https:\/\/rumoursaboutgermany.info\/fr\/wp-json\/wp\/v2\/pages\/1631\/revisions"}],"predecessor-version":[{"id":1635,"href":"https:\/\/rumoursaboutgermany.info\/fr\/wp-json\/wp\/v2\/pages\/1631\/revisions\/1635"}],"wp:attachment":[{"href":"https:\/\/rumoursaboutgermany.info\/fr\/wp-json\/wp\/v2\/media?parent=1631"}],"curies":[{"name":"wp","href":"https:\/\/api.w.org\/{rel}","templated":true}]}}