{"id":5431,"date":"2022-11-08T13:09:39","date_gmt":"2022-11-08T13:09:39","guid":{"rendered":"https:\/\/rumoursaboutgermany.info\/facts-for-migrants\/"},"modified":"2022-11-08T13:12:02","modified_gmt":"2022-11-08T13:12:02","slug":"facts-for-migrants","status":"publish","type":"page","link":"https:\/\/rumoursaboutgermany.info\/fr\/","title":{"rendered":"Les faits pour les migrants"},"content":{"rendered":"<p>La migration est une d\u00e9cision pour la vie. Nous vous fournissons des informations officielles afin de vous aider \u00e0 avoir une image compl\u00e8te de la situation. V\u00e9rifiez les faits \u2013 voici ce que les migrants doivent savoir.<\/p>\n","protected":false},"excerpt":{"rendered":"<p>La migration est une d\u00e9cision pour la vie. Nous vous fournissons des informations officielles afin de vous aider \u00e0 avoir une image compl\u00e8te de la situation. V\u00e9rifiez les faits \u2013 voici ce que les migrants doivent savoir.<\/p>\n","protected":false},"author":14,"featured_media":0,"parent":0,"menu_order":0,"comment_status":"closed","ping_status":"closed","template":"","meta":{"_acf_changed":false,"footnotes":""},"class_list":["post-5431","page","type-page","status-publish","hentry"],"acf":[],"_links":{"self":[{"href":"https:\/\/rumoursaboutgermany.info\/fr\/wp-json\/wp\/v2\/pages\/5431","targetHints":{"allow":["GET"]}}],"collection":[{"href":"https:\/\/rumoursaboutgermany.info\/fr\/wp-json\/wp\/v2\/pages"}],"about":[{"href":"https:\/\/rumoursaboutgermany.info\/fr\/wp-json\/wp\/v2\/types\/page"}],"author":[{"embeddable":true,"href":"https:\/\/rumoursaboutgermany.info\/fr\/wp-json\/wp\/v2\/users\/14"}],"replies":[{"embeddable":true,"href":"https:\/\/rumoursaboutgermany.info\/fr\/wp-json\/wp\/v2\/comments?post=5431"}],"version-history":[{"count":1,"href":"https:\/\/rumoursaboutgermany.info\/fr\/wp-json\/wp\/v2\/pages\/5431\/revisions"}],"predecessor-version":[{"id":5437,"href":"https:\/\/rumoursaboutgermany.info\/fr\/wp-json\/wp\/v2\/pages\/5431\/revisions\/5437"}],"wp:attachment":[{"href":"https:\/\/rumoursaboutgermany.info\/fr\/wp-json\/wp\/v2\/media?parent=5431"}],"curies":[{"name":"wp","href":"https:\/\/api.w.org\/{rel}","templated":true}]}}