{"id":966,"date":"2017-09-21T10:33:35","date_gmt":"2017-09-21T10:33:35","guid":{"rendered":"https:\/\/rumoursaboutgermany.info\/?page_id=966\/"},"modified":"2018-05-28T13:02:33","modified_gmt":"2018-05-28T13:02:33","slug":"politique-de-confidentialite","status":"publish","type":"page","link":"https:\/\/rumoursaboutgermany.info\/fr\/politique-de-confidentialite\/","title":{"rendered":"Politique de confidentialit\u00e9"},"content":{"rendered":"<h2>1. Acceptation des conditions d\u2019utilisation \/ Acc\u00e8s au site<\/h2>\n<p>En utilisant ce site, vous reconnaissez accepter les conditions g\u00e9n\u00e9rales qui suivent.<\/p>\n<p>L\u2019acc\u00e8s au site n\u2019est accord\u00e9 que pour une utilisation personnelle; aucune utilisation commerciale n\u2019est autoris\u00e9e.<\/p>\n<p>Les conditions d\u2019utilisation ne conf\u00e8rent aucun droit concernant l\u2019utilisation future du site. Le prestataire du service peut \u00e0 tout moment, \u00e0 sa seule discr\u00e9tion et sans avertissement, r\u00e9viser, modifier, raccourcir, compl\u00e9ter et\/ou effacer le contenu du site ou fermer celui-ci.<\/p>\n<p>L\u2019utilisation du site est r\u00e9gie exclusivement par le droit allemand.<\/p>\n<h2>2. Responsabilit\u00e9<\/h2>\n<p>L\u2019acc\u00e8s au site et son utilisation se font \u00e0 vos propres risques et p\u00e9rils. Le prestataire du service n\u2019assume aucune responsabilit\u00e9 pour toute l\u00e9sion ou perte intervenant en relation avec l\u2019acc\u00e8s \u00e0 ce site ou son utilisation. Cette clause n\u2019exclut pas la responsabilit\u00e9 des l\u00e9sions ou pertes caus\u00e9es intentionnellement par le prestataire du service ou r\u00e9sultant d\u2019une grave n\u00e9gligence de sa part.<\/p>\n<h2>3. Droit d\u2019auteur<\/h2>\n<p>L\u2019int\u00e9gralit\u00e9 du contenu du site, y compris particuli\u00e8rement les textes, les images et tous les \u00e9l\u00e9ments multim\u00e9dias, sont prot\u00e9g\u00e9s par le droit d\u2019auteur. Tous les droits sur le contenu du site sont r\u00e9serv\u00e9s.<\/p>\n<p>Vous n\u2019\u00eates pas autoris\u00e9, \u00e0 d\u00e9faut d\u2019avoir obtenu le consentement \u00e9crit pr\u00e9alable du prestataire du service, \u00e0 reproduire, diffuser, modifier et\/ou r\u00e9viser le contenu du site ni \u00e0 utiliser le site de toute autre mani\u00e8re non autoris\u00e9e.<\/p>\n<h2>4. Exclusion de responsabilit\u00e9<\/h2>\n<p>Tous les contenus consultables sur le site ont \u00e9t\u00e9 v\u00e9rifi\u00e9s avec soin. Toutefois, des erreurs ne peuvent \u00eatre totalement exclues. Il ne peut donc \u00eatre garanti que le contenu est absolument exhaustif, exact ou \u00e0 jour. De ce fait, les exclusions de responsabilit\u00e9 suivantes s\u2019appliquent:<\/p>\n<h3>a) Contenus d\u2019autres prestataires<\/h3>\n<p>Avant de publier tout lien vers les sites d\u2019autres prestataires \u00e9chappant \u00e0 notre contr\u00f4le, nous mettons le plus grand soin \u00e0 en v\u00e9rifier de notre mieux le contenu. Aucun contenu ill\u00e9gal n\u2019a \u00e9t\u00e9 d\u00e9tect\u00e9 lors de la cr\u00e9ation des liens.<\/p>\n<p>Le prestataire du service n\u2019assume aucune responsabilit\u00e9 pour tout contenu d\u2019autres prestataires auquel renvoie un lien et ne fait pas sien ce contenu.<\/p>\n<p>Aucune garantie n\u2019est fournie quant \u00e0 l\u2019exhaustivit\u00e9 et \u00e0 l\u2019exactitude de tout contenu auquel renvoie un lien. Le prestataire du service n\u2019a pas la moindre influence sur la conception actuelle ou future du mat\u00e9riel auquel renvoie un lien.<\/p>\n<p>La responsabilit\u00e9 de tout contenu ill\u00e9gal, erron\u00e9 ou incomplet auquel renverrait un lien n\u2019incombe qu\u2019au seul fournisseur de ce contenu de tiers.<\/p>\n<p>Ceci s\u2019applique \u00e9galement \u00e0 tout contenu de tiers techniquement int\u00e9gr\u00e9 dans le site et d\u00e9sign\u00e9 comme tel.<\/p>\n<h3>b) Contenus propres<\/h3>\n<p>Aucune responsabilit\u00e9 n\u2019est assum\u00e9e quant \u00e0 l\u2019exhaustivit\u00e9 et \u00e0 l\u2019exactitude de nos contenus. Les recommandations et informations concernant des questions juridiques sont fournies sans aucune garantie; nous ne fournissons pas de service de consultation juridique.<\/p>\n<h3>c) Observations \/ Suppression<\/h3>\n<p>Si le contenu du site ou des liens renvoyant \u00e0 des contenus de tiers donnent lieu \u00e0 r\u00e9clamation, veuillez en informer la r\u00e9daction du site.<\/p>\n<p>Veuillez aussi nous faire savoir si un quelconque \u00e9l\u00e9ment de notre contenu est erron\u00e9, p\u00e9rim\u00e9, incomplet ou incompr\u00e9hensible.<\/p>\n<p>Tout contenu ill\u00e9gal ou erron\u00e9 sera supprim\u00e9 sans d\u00e9lai.<\/p>\n<h2>5. Informations sur la protection des donn\u00e9es<\/h2>\n<p><a href=\"https:\/\/www.auswaertiges-amt.de\/en\/datenschutz-node\" target=\"_blank\" rel=\"noopener\">https:\/\/www.auswaertiges-amt.de\/en\/datenschutz-node<\/a><\/p>\n","protected":false},"excerpt":{"rendered":"<p>1. Acceptation des conditions d\u2019utilisation \/ Acc\u00e8s au site En utilisant ce site, vous reconnaissez accepter les conditions g\u00e9n\u00e9rales qui suivent. L\u2019acc\u00e8s au site n\u2019est accord\u00e9 que pour une utilisation personnelle; aucune utilisation commerciale n\u2019est autoris\u00e9e. Les conditions d\u2019utilisation ne conf\u00e8rent aucun droit concernant l\u2019utilisation future du site. Le prestataire du service peut \u00e0 tout [&hellip;]<\/p>\n","protected":false},"author":14,"featured_media":0,"parent":0,"menu_order":60,"comment_status":"closed","ping_status":"closed","template":"","meta":{"_acf_changed":false,"footnotes":""},"class_list":["post-966","page","type-page","status-publish","hentry"],"acf":[],"_links":{"self":[{"href":"https:\/\/rumoursaboutgermany.info\/fr\/wp-json\/wp\/v2\/pages\/966","targetHints":{"allow":["GET"]}}],"collection":[{"href":"https:\/\/rumoursaboutgermany.info\/fr\/wp-json\/wp\/v2\/pages"}],"about":[{"href":"https:\/\/rumoursaboutgermany.info\/fr\/wp-json\/wp\/v2\/types\/page"}],"author":[{"embeddable":true,"href":"https:\/\/rumoursaboutgermany.info\/fr\/wp-json\/wp\/v2\/users\/14"}],"replies":[{"embeddable":true,"href":"https:\/\/rumoursaboutgermany.info\/fr\/wp-json\/wp\/v2\/comments?post=966"}],"version-history":[{"count":5,"href":"https:\/\/rumoursaboutgermany.info\/fr\/wp-json\/wp\/v2\/pages\/966\/revisions"}],"predecessor-version":[{"id":2496,"href":"https:\/\/rumoursaboutgermany.info\/fr\/wp-json\/wp\/v2\/pages\/966\/revisions\/2496"}],"wp:attachment":[{"href":"https:\/\/rumoursaboutgermany.info\/fr\/wp-json\/wp\/v2\/media?parent=966"}],"curies":[{"name":"wp","href":"https:\/\/api.w.org\/{rel}","templated":true}]}}